{"id":331,"date":"2025-01-02T16:24:39","date_gmt":"2025-01-02T16:24:39","guid":{"rendered":"https:\/\/pixelgs.site\/?page_id=331"},"modified":"2025-03-04T19:10:33","modified_gmt":"2025-03-04T19:10:33","slug":"servicio-diseno-grafico","status":"publish","type":"page","link":"https:\/\/pixelgs.com\/index.php\/servicio-diseno-grafico\/","title":{"rendered":"Dise\u00f1o Gr\u00e1fico"},"content":{"rendered":"<p>[et_pb_section fb_built=&#8221;1&#8243; custom_padding_last_edited=&#8221;on|tablet&#8221; _builder_version=&#8221;4.27.4&#8243; _module_preset=&#8221;default&#8221; background_color=&#8221;#EA068D&#8221; background_enable_image=&#8221;off&#8221; parallax=&#8221;on&#8221; parallax_method=&#8221;off&#8221; custom_padding=&#8221;0px||0px||true|false&#8221; custom_padding_tablet=&#8221;3%||0%||false|false&#8221; custom_padding_phone=&#8221;1%||0%||false|false&#8221; da_disable_devices=&#8221;off|off|off&#8221; locked=&#8221;off&#8221; global_colors_info=&#8221;{}&#8221; theme_builder_area=&#8221;post_content&#8221; da_is_popup=&#8221;off&#8221; da_exit_intent=&#8221;off&#8221; da_has_close=&#8221;on&#8221; da_alt_close=&#8221;off&#8221; da_dark_close=&#8221;off&#8221; da_not_modal=&#8221;on&#8221; da_is_singular=&#8221;off&#8221; da_with_loader=&#8221;off&#8221; da_has_shadow=&#8221;on&#8221;][et_pb_row use_custom_gutter=&#8221;on&#8221; gutter_width=&#8221;1&#8243; make_equal=&#8221;on&#8221; disabled_on=&#8221;off|off|off&#8221; _builder_version=&#8221;4.27.4&#8243; _module_preset=&#8221;default&#8221; background_enable_color=&#8221;off&#8221; width=&#8221;100%&#8221; max_width=&#8221;100%&#8221; custom_padding=&#8221;0.6%|10%|0.3%|10%|false|true&#8221; global_colors_info=&#8221;{}&#8221; theme_builder_area=&#8221;post_content&#8221;][et_pb_column type=&#8221;4_4&#8243; _builder_version=&#8221;4.27.4&#8243; _module_preset=&#8221;default&#8221; custom_css_main_element=&#8221;margin: auto;&#8221; global_colors_info=&#8221;{}&#8221; theme_builder_area=&#8221;post_content&#8221;][dipi_breadcrumbs bc_separator_color=&#8221;#F8EF24&#8243; bc_item_padding=&#8221;0px|0px|0px|0px|true|true&#8221; bc_active_item_padding=&#8221;0px|0px|0px|0px|true|true&#8221; bc_items_alignment_tablet=&#8221;dipi-bc-center&#8221; bc_items_alignment_phone=&#8221;dipi-bc-center&#8221; bc_items_alignment_last_edited=&#8221;on|phone&#8221; _builder_version=&#8221;4.27.4&#8243; _module_preset=&#8221;default&#8221; items_font=&#8221;&#8211;et_global_body_font|500|||||||&#8221; items_text_color=&#8221;rgba(255,255,255,0.85)&#8221; items_font_size=&#8221;15px&#8221; items_line_height=&#8221;1.4em&#8221; hover_text_color=&#8221;#29ACE2&#8243; active_text_color=&#8221;#FFFFFF&#8221; custom_margin=&#8221;0px||0px||true|false&#8221; custom_padding=&#8221;0px||0px||true|false&#8221; items_font_size_tablet=&#8221;15px&#8221; items_font_size_phone=&#8221;13px&#8221; items_font_size_last_edited=&#8221;on|phone&#8221; global_colors_info=&#8221;{}&#8221; theme_builder_area=&#8221;post_content&#8221;][\/dipi_breadcrumbs][\/et_pb_column][\/et_pb_row][\/et_pb_section][et_pb_section fb_built=&#8221;1&#8243; _builder_version=&#8221;4.27.4&#8243; _module_preset=&#8221;default&#8221; da_disable_devices=&#8221;off|off|off&#8221; locked=&#8221;off&#8221; global_colors_info=&#8221;{}&#8221; theme_builder_area=&#8221;post_content&#8221; da_is_popup=&#8221;off&#8221; da_exit_intent=&#8221;off&#8221; da_has_close=&#8221;on&#8221; da_alt_close=&#8221;off&#8221; da_dark_close=&#8221;off&#8221; da_not_modal=&#8221;on&#8221; da_is_singular=&#8221;off&#8221; da_with_loader=&#8221;off&#8221; da_has_shadow=&#8221;on&#8221;][et_pb_row column_structure=&#8221;1_3,2_3&#8243; use_custom_gutter=&#8221;on&#8221; gutter_width=&#8221;2&#8243; module_class=&#8221;reverse-columns&#8221; _builder_version=&#8221;4.27.4&#8243; _module_preset=&#8221;default&#8221; custom_padding=&#8221;0px||0px||true|false&#8221; locked=&#8221;off&#8221; global_colors_info=&#8221;{}&#8221; theme_builder_area=&#8221;post_content&#8221;][et_pb_column type=&#8221;1_3&#8243; disabled_on=&#8221;off|off|off&#8221; _builder_version=&#8221;4.27.4&#8243; _module_preset=&#8221;default&#8221; background_color=&#8221;#FCFCFC&#8221; custom_padding=&#8221;||2%||false|false&#8221; custom_padding_tablet=&#8221;||4%||false|false&#8221; custom_padding_phone=&#8221;||8%||false|false&#8221; custom_padding_last_edited=&#8221;on|phone&#8221; animation_style=&#8221;slide&#8221; animation_direction=&#8221;bottom&#8221; animation_duration=&#8221;1200ms&#8221; animation_delay=&#8221;500ms&#8221; animation_intensity_slide=&#8221;15%&#8221; sticky_position=&#8221;top&#8221; sticky_offset_top=&#8221;20px&#8221; sticky_limit_bottom=&#8221;row&#8221; sticky_position_tablet=&#8221;none&#8221; sticky_position_phone=&#8221;none&#8221; sticky_position_last_edited=&#8221;on|phone&#8221; border_radii=&#8221;on|10px|10px|10px|10px&#8221; border_width_all=&#8221;2px&#8221; border_color_all=&#8221;#ECECEC&#8221; global_colors_info=&#8221;{}&#8221; box_shadow_color__hover_enabled=&#8221;on|hover&#8221; box_shadow_color__hover=&#8221;rgba(0,0,0,0.1)&#8221; transform_translate__hover_enabled=&#8221;on|hover&#8221; transform_rotate__hover_enabled=&#8221;on|hover&#8221; transform_skew__hover_enabled=&#8221;on|hover&#8221; transform_origin__hover_enabled=&#8221;on|hover&#8221; theme_builder_area=&#8221;post_content&#8221;][et_pb_text _builder_version=&#8221;4.27.4&#8243; _module_preset=&#8221;default&#8221; header_3_font=&#8221;Rubik|500|||||||&#8221; header_3_text_align=&#8221;center&#8221; header_3_text_color=&#8221;#FFFFFF&#8221; header_3_font_size=&#8221;20px&#8221; background_color=&#8221;#EA068D&#8221; custom_padding=&#8221;15px||8px||false|false&#8221; header_3_font_size_tablet=&#8221;18px&#8221; header_3_font_size_phone=&#8221;16px&#8221; header_3_font_size_last_edited=&#8221;on|phone&#8221; border_radii=&#8221;off||||&#8221; locked=&#8221;off&#8221; global_colors_info=&#8221;{}&#8221; theme_builder_area=&#8221;post_content&#8221;]<\/p>\n<h3>Explora m\u00e1s servicios:<\/h3>\n<p>[\/et_pb_text][et_pb_blurb title=&#8221;Impresi\u00f3n Digital&#8221; image=&#8221;https:\/\/pixelgs.com\/wp-content\/uploads\/2025\/01\/wifi-router.png&#8221; icon_placement=&#8221;left&#8221; image_icon_width=&#8221;40px&#8221; image_icon_width_tablet=&#8221;40px&#8221; image_icon_width_phone=&#8221;38px&#8221; image_icon_width_last_edited=&#8221;on|phone&#8221; _builder_version=&#8221;4.27.4&#8243; _dynamic_attributes=&#8221;link_option_url&#8221; _module_preset=&#8221;default&#8221; header_font=&#8221;Covered By Your Grace||||||||&#8221; header_text_color=&#8221;#FFFFFF&#8221; header_font_size=&#8221;22px&#8221; header_line_height=&#8221;1.2em&#8221; background_color=&#8221;#29ACE2&#8243; custom_margin=&#8221;|5%|2%|5%|false|true&#8221; custom_padding=&#8221;3%|6%|3%|6%|true|true&#8221; link_option_url=&#8221;@ET-DC@eyJkeW5hbWljIjp0cnVlLCJjb250ZW50IjoicG9zdF9saW5rX3VybF9wYWdlIiwic2V0dGluZ3MiOnsicG9zdF9pZCI6IjMwOCJ9fQ==@&#8221; header_font_size_tablet=&#8221;22px&#8221; header_font_size_phone=&#8221;18px&#8221; header_font_size_last_edited=&#8221;on|phone&#8221; custom_css_blurb_title=&#8221;margin-top: 10px;&#8221; border_radii=&#8221;on|10px|10px|10px|10px&#8221; border_color_all=&#8221;#F8EF24&#8243; border_color_left=&#8221;#F8EF24&#8243; locked=&#8221;off&#8221; global_colors_info=&#8221;{}&#8221; custom_padding__hover_enabled=&#8221;off|desktop&#8221; custom_padding__hover=&#8221;|||30px|true|false&#8221; border_color_left__hover_enabled=&#8221;off|desktop&#8221; border_color_left__hover=&#8221;#2D2D8F&#8221; border_width_left__hover_enabled=&#8221;on|hover&#8221; border_width_left__hover=&#8221;5px&#8221; border_radii__hover_enabled=&#8221;on|hover&#8221; border_radii__hover=&#8221;off|0px|10px||0px&#8221; theme_builder_area=&#8221;post_content&#8221;][\/et_pb_blurb][et_pb_blurb title=&#8221;Impresi\u00f3n Offset&#8221; image=&#8221;https:\/\/pixelgs.com\/wp-content\/uploads\/2025\/01\/impresora.png&#8221; icon_placement=&#8221;left&#8221; image_icon_width=&#8221;40px&#8221; image_icon_width_tablet=&#8221;40px&#8221; image_icon_width_phone=&#8221;38px&#8221; image_icon_width_last_edited=&#8221;on|phone&#8221; _builder_version=&#8221;4.27.4&#8243; _dynamic_attributes=&#8221;link_option_url&#8221; _module_preset=&#8221;default&#8221; header_font=&#8221;Covered By Your Grace|500|||||||&#8221; header_text_color=&#8221;#FFFFFF&#8221; header_font_size=&#8221;22px&#8221; header_line_height=&#8221;1.2em&#8221; background_color=&#8221;#29ACE2&#8243; custom_margin=&#8221;|5%|2%|5%|false|true&#8221; custom_padding=&#8221;3%|6%|3%|6%|true|true&#8221; link_option_url=&#8221;@ET-DC@eyJkeW5hbWljIjp0cnVlLCJjb250ZW50IjoicG9zdF9saW5rX3VybF9wYWdlIiwic2V0dGluZ3MiOnsicG9zdF9pZCI6IjMyNyJ9fQ==@&#8221; header_font_size_tablet=&#8221;22px&#8221; header_font_size_phone=&#8221;18px&#8221; header_font_size_last_edited=&#8221;on|phone&#8221; custom_css_blurb_title=&#8221;margin-top: 10px;&#8221; border_radii=&#8221;on|10px|10px|10px|10px&#8221; border_color_all=&#8221;#F8EF24&#8243; border_color_left=&#8221;#F8EF24&#8243; locked=&#8221;off&#8221; global_colors_info=&#8221;{}&#8221; custom_padding__hover_enabled=&#8221;off|desktop&#8221; custom_padding__hover=&#8221;|||30px|true|false&#8221; border_color_left__hover_enabled=&#8221;off|desktop&#8221; border_color_left__hover=&#8221;#2D2D8F&#8221; border_width_left__hover_enabled=&#8221;on|hover&#8221; border_width_left__hover=&#8221;5px&#8221; border_radii__hover_enabled=&#8221;on|hover&#8221; border_radii__hover=&#8221;off|0px|10px||0px&#8221; theme_builder_area=&#8221;post_content&#8221;][\/et_pb_blurb][et_pb_blurb title=&#8221;Impresi\u00f3n Gran Formato&#8221; image=&#8221;https:\/\/pixelgs.com\/wp-content\/uploads\/2025\/01\/printer.png&#8221; icon_placement=&#8221;left&#8221; image_icon_width=&#8221;40px&#8221; image_icon_width_tablet=&#8221;40px&#8221; image_icon_width_phone=&#8221;38px&#8221; image_icon_width_last_edited=&#8221;on|phone&#8221; _builder_version=&#8221;4.27.4&#8243; _dynamic_attributes=&#8221;link_option_url&#8221; _module_preset=&#8221;default&#8221; header_font=&#8221;Covered By Your Grace|500|||||||&#8221; header_text_color=&#8221;#FFFFFF&#8221; header_font_size=&#8221;22px&#8221; header_line_height=&#8221;1.2em&#8221; background_color=&#8221;#29ACE2&#8243; custom_margin=&#8221;|5%|2%|5%|false|true&#8221; custom_padding=&#8221;3%|6%|3%|6%|true|true&#8221; link_option_url=&#8221;@ET-DC@eyJkeW5hbWljIjp0cnVlLCJjb250ZW50IjoicG9zdF9saW5rX3VybF9wYWdlIiwic2V0dGluZ3MiOnsicG9zdF9pZCI6IjMyOSJ9fQ==@&#8221; header_font_size_tablet=&#8221;22px&#8221; header_font_size_phone=&#8221;18px&#8221; header_font_size_last_edited=&#8221;on|phone&#8221; custom_css_blurb_title=&#8221;margin-top: 10px;&#8221; border_radii=&#8221;on|10px|10px|10px|10px&#8221; border_color_all=&#8221;#F8EF24&#8243; border_color_left=&#8221;#F8EF24&#8243; locked=&#8221;off&#8221; global_colors_info=&#8221;{}&#8221; custom_padding__hover_enabled=&#8221;off|desktop&#8221; custom_padding__hover=&#8221;|||30px|true|false&#8221; border_color_left__hover_enabled=&#8221;off|desktop&#8221; border_color_left__hover=&#8221;#2D2D8F&#8221; border_width_left__hover_enabled=&#8221;on|hover&#8221; border_width_left__hover=&#8221;5px&#8221; border_radii__hover_enabled=&#8221;on|hover&#8221; border_radii__hover=&#8221;off|0px|10px||0px&#8221; theme_builder_area=&#8221;post_content&#8221;][\/et_pb_blurb][et_pb_blurb title=&#8221;Dise\u00f1o Gr\u00e1fico&#8221; image=&#8221;https:\/\/pixelgs.com\/wp-content\/uploads\/2025\/01\/disenador-grafico.png&#8221; icon_placement=&#8221;left&#8221; image_icon_width=&#8221;40px&#8221; image_icon_width_tablet=&#8221;40px&#8221; image_icon_width_phone=&#8221;38px&#8221; image_icon_width_last_edited=&#8221;on|phone&#8221; _builder_version=&#8221;4.27.4&#8243; _dynamic_attributes=&#8221;link_option_url&#8221; _module_preset=&#8221;default&#8221; header_font=&#8221;Covered By Your Grace|500|||||||&#8221; header_text_color=&#8221;#FFFFFF&#8221; header_font_size=&#8221;22px&#8221; header_line_height=&#8221;1.2em&#8221; background_color=&#8221;#29ACE2&#8243; custom_margin=&#8221;|5%|2%|5%|false|true&#8221; custom_padding=&#8221;3%|6%|3%|6%|true|true&#8221; link_option_url=&#8221;@ET-DC@eyJkeW5hbWljIjp0cnVlLCJjb250ZW50IjoicG9zdF9saW5rX3VybF9wYWdlIiwic2V0dGluZ3MiOnsicG9zdF9pZCI6IjMzMSJ9fQ==@&#8221; header_font_size_tablet=&#8221;22px&#8221; header_font_size_phone=&#8221;18px&#8221; header_font_size_last_edited=&#8221;on|phone&#8221; custom_css_blurb_title=&#8221;margin-top: 10px;&#8221; border_radii=&#8221;off||10px|10px|&#8221; border_color_all=&#8221;#F8EF24&#8243; border_width_left=&#8221;6px&#8221; border_color_left=&#8221;#F8EF24&#8243; locked=&#8221;off&#8221; global_colors_info=&#8221;{}&#8221; custom_padding__hover_enabled=&#8221;off|desktop&#8221; custom_padding__hover=&#8221;|||30px|true|false&#8221; border_color_left__hover_enabled=&#8221;off|desktop&#8221; border_color_left__hover=&#8221;#2D2D8F&#8221; border_width_left__hover_enabled=&#8221;on|hover&#8221; border_width_left__hover=&#8221;5px&#8221; border_radii__hover_enabled=&#8221;on|hover&#8221; border_radii__hover=&#8221;off|0px|10px||0px&#8221; theme_builder_area=&#8221;post_content&#8221;][\/et_pb_blurb][et_pb_blurb title=&#8221;Acabados&#8221; image=&#8221;https:\/\/pixelgs.com\/wp-content\/uploads\/2025\/01\/revista-1.png&#8221; icon_placement=&#8221;left&#8221; image_icon_width=&#8221;40px&#8221; image_icon_width_tablet=&#8221;40px&#8221; image_icon_width_phone=&#8221;38px&#8221; image_icon_width_last_edited=&#8221;on|phone&#8221; _builder_version=&#8221;4.27.4&#8243; _dynamic_attributes=&#8221;link_option_url&#8221; _module_preset=&#8221;default&#8221; header_font=&#8221;Covered By Your Grace|500|||||||&#8221; header_text_color=&#8221;#FFFFFF&#8221; header_font_size=&#8221;22px&#8221; header_line_height=&#8221;1.2em&#8221; background_color=&#8221;#29ACE2&#8243; custom_margin=&#8221;|5%|0%|5%|false|true&#8221; custom_padding=&#8221;3%|6%|3%|6%|true|true&#8221; link_option_url=&#8221;@ET-DC@eyJkeW5hbWljIjp0cnVlLCJjb250ZW50IjoicG9zdF9saW5rX3VybF9wYWdlIiwic2V0dGluZ3MiOnsicG9zdF9pZCI6IjMzMyJ9fQ==@&#8221; header_font_size_tablet=&#8221;22px&#8221; header_font_size_phone=&#8221;18px&#8221; header_font_size_last_edited=&#8221;on|phone&#8221; custom_css_blurb_title=&#8221;margin-top: 10px;&#8221; border_radii=&#8221;on|10px|10px|10px|10px&#8221; border_color_all=&#8221;#F8EF24&#8243; border_color_left=&#8221;#F8EF24&#8243; locked=&#8221;off&#8221; global_colors_info=&#8221;{}&#8221; custom_padding__hover_enabled=&#8221;off|desktop&#8221; custom_padding__hover=&#8221;|||30px|true|false&#8221; border_color_left__hover_enabled=&#8221;off|desktop&#8221; border_color_left__hover=&#8221;#2D2D8F&#8221; border_width_left__hover_enabled=&#8221;on|hover&#8221; border_width_left__hover=&#8221;5px&#8221; border_radii__hover_enabled=&#8221;on|hover&#8221; border_radii__hover=&#8221;off|0px|10px||0px&#8221; theme_builder_area=&#8221;post_content&#8221;][\/et_pb_blurb][\/et_pb_column][et_pb_column type=&#8221;2_3&#8243; _builder_version=&#8221;4.27.4&#8243; _module_preset=&#8221;default&#8221; custom_padding=&#8221;2%||||false|false&#8221; custom_padding_tablet=&#8221;&#8221; custom_padding_phone=&#8221;0%||6%||false|false&#8221; custom_padding_last_edited=&#8221;on|phone&#8221; global_colors_info=&#8221;{}&#8221; theme_builder_area=&#8221;post_content&#8221;][et_pb_text _builder_version=&#8221;4.27.4&#8243; _module_preset=&#8221;default&#8221; text_font=&#8221;Covered By Your Grace||||||||&#8221; header_font=&#8221;Covered By Your Grace||||||||&#8221; header_text_align=&#8221;left&#8221; header_text_color=&#8221;#262524&#8243; header_font_size=&#8221;45px&#8221; header_letter_spacing=&#8221;1px&#8221; header_line_height=&#8221;1.2em&#8221; custom_margin=&#8221;||1%||false|false&#8221; custom_margin_tablet=&#8221;||1%||false|false&#8221; custom_margin_phone=&#8221;||3%||false|false&#8221; custom_margin_last_edited=&#8221;on|phone&#8221; custom_padding=&#8221;||1px|||&#8221; animation_style=&#8221;zoom&#8221; animation_duration=&#8221;1200ms&#8221; animation_intensity_zoom=&#8221;5%&#8221; animation_speed_curve=&#8221;ease&#8221; header_font_size_tablet=&#8221;45px&#8221; header_font_size_phone=&#8221;30px&#8221; header_font_size_last_edited=&#8221;on|phone&#8221; locked=&#8221;off&#8221; global_colors_info=&#8221;{}&#8221; theme_builder_area=&#8221;post_content&#8221;]<\/p>\n<h1>Dise\u00f1o Gr\u00e1fico<\/h1>\n<p>[\/et_pb_text][et_pb_divider divider_weight=&#8221;0px&#8221; _builder_version=&#8221;4.27.4&#8243; _module_preset=&#8221;default&#8221; use_background_color_gradient=&#8221;on&#8221; background_color_gradient_direction=&#8221;90deg&#8221; background_color_gradient_stops=&#8221;#29ace2 0%|rgba(42, 158, 206, 1) 33%|#f8ef24 33%|#f8ef24 66%|#ea068d 66%|#ea068d 100%&#8221; width=&#8221;14%&#8221; width_tablet=&#8221;15%&#8221; width_phone=&#8221;25%&#8221; width_last_edited=&#8221;on|desktop&#8221; module_alignment=&#8221;left&#8221; max_height=&#8221;5px&#8221; max_height_tablet=&#8221;5px&#8221; max_height_phone=&#8221;5px&#8221; max_height_last_edited=&#8221;on|tablet&#8221; custom_margin_tablet=&#8221;||3%||false|false&#8221; custom_margin_phone=&#8221;||5%||false|false&#8221; custom_margin_last_edited=&#8221;on|phone&#8221; animation_style=&#8221;bounce&#8221; animation_duration=&#8221;1200ms&#8221; animation_delay=&#8221;500ms&#8221; locked=&#8221;off&#8221; global_colors_info=&#8221;{}&#8221; theme_builder_area=&#8221;post_content&#8221;][\/et_pb_divider][et_pb_text _builder_version=&#8221;4.27.4&#8243; _module_preset=&#8221;default&#8221; text_font=&#8221;&#8211;et_global_body_font|500|||||||&#8221; text_text_color=&#8221;#383838&#8243; text_orientation=&#8221;justified&#8221; custom_margin=&#8221;||1%||false|false&#8221; custom_margin_tablet=&#8221;||1%||false|false&#8221; custom_margin_phone=&#8221;||2%||false|false&#8221; custom_margin_last_edited=&#8221;on|phone&#8221; custom_padding=&#8221;||||false|false&#8221; animation_style=&#8221;fade&#8221; animation_duration=&#8221;1200ms&#8221; animation_delay=&#8221;500ms&#8221; text_font_size_tablet=&#8221;&#8221; text_font_size_phone=&#8221;14px&#8221; text_font_size_last_edited=&#8221;on|phone&#8221; locked=&#8221;off&#8221; global_colors_info=&#8221;{}&#8221; theme_builder_area=&#8221;post_content&#8221;]<\/p>\n<p>El dise\u00f1o gr\u00e1fico es el primer paso para transformar ideas en impresionantes realidades visuales. Nuestro servicio de <span style=\"color: #ea068d;\"><strong>Dise\u00f1o Gr\u00e1fico<\/strong><\/span> est\u00e1 dedicado a crear soluciones creativas, atractivas y efectivas, que no solo cumplan con los est\u00e1ndares est\u00e9ticos, sino que tambi\u00e9n est\u00e9n alineadas con los objetivos de comunicaci\u00f3n de cada cliente.<\/p>\n<p>Nuestro servicio de Dise\u00f1o Gr\u00e1fico abarca desde el dise\u00f1o de <strong>materiales publicitarios<\/strong> como folletos, carteles, y banners, hasta la creaci\u00f3n de <strong>identidades visuales<\/strong> para marcas, <strong>dise\u00f1os de empaques<\/strong>, y materiales <strong>corporativos<\/strong>.\u00a0 Trabajamos de la mano con nuestros clientes, comprendiendo sus necesidades y proponiendo soluciones visuales que hagan destacar su mensaje.<\/p>\n<p>[\/et_pb_text][et_pb_divider show_divider=&#8221;off&#8221; disabled_on=&#8221;on|on|off&#8221; _builder_version=&#8221;4.27.4&#8243; _module_preset=&#8221;default&#8221; background_image=&#8221;https:\/\/pixelgs.com\/wp-content\/uploads\/2025\/01\/Diseno-sin-titulo-17.png&#8221; parallax=&#8221;on&#8221; custom_margin=&#8221;||4%||false|false&#8221; custom_margin_tablet=&#8221;||4%||false|false&#8221; custom_margin_phone=&#8221;||4%||false|false&#8221; custom_margin_last_edited=&#8221;on|tablet&#8221; custom_padding=&#8221;8vw||8vw||true|false&#8221; custom_padding_tablet=&#8221;8vw||8vw||true|false&#8221; custom_padding_phone=&#8221;8vw||8vw||true|false&#8221; custom_padding_last_edited=&#8221;on|tablet&#8221; animation_style=&#8221;fade&#8221; animation_duration=&#8221;1200ms&#8221; animation_delay=&#8221;500ms&#8221; border_radii=&#8221;on|10px|10px|10px|10px&#8221; box_shadow_style=&#8221;preset1&#8243; box_shadow_color=&#8221;rgba(0,0,0,0.1)&#8221; global_colors_info=&#8221;{}&#8221; theme_builder_area=&#8221;post_content&#8221;][\/et_pb_divider][et_pb_image src=&#8221;https:\/\/pixelgs.com\/wp-content\/uploads\/2025\/01\/Diseno-sin-titulo-17.png&#8221; show_bottom_space=&#8221;off&#8221; disabled_on=&#8221;off|off|on&#8221; _builder_version=&#8221;4.27.4&#8243; _module_preset=&#8221;default&#8221; custom_margin=&#8221;||4%||false|false&#8221; custom_margin_tablet=&#8221;||5%||false|false&#8221; custom_margin_phone=&#8221;||6%||false|false&#8221; custom_margin_last_edited=&#8221;on|phone&#8221; animation_style=&#8221;fade&#8221; animation_duration=&#8221;1200ms&#8221; animation_delay=&#8221;500ms&#8221; border_radii=&#8221;on|10px|10px|10px|10px&#8221; box_shadow_style=&#8221;preset1&#8243; box_shadow_color=&#8221;rgba(0,0,0,0.1)&#8221; global_colors_info=&#8221;{}&#8221; theme_builder_area=&#8221;post_content&#8221;][\/et_pb_image][et_pb_text _builder_version=&#8221;4.27.4&#8243; _module_preset=&#8221;default&#8221; text_font=&#8221;&#8211;et_global_body_font|500|||||||&#8221; text_text_color=&#8221;#383838&#8243; text_orientation=&#8221;justified&#8221; custom_margin=&#8221;||1%||false|false&#8221; custom_margin_tablet=&#8221;||1%||false|false&#8221; custom_margin_phone=&#8221;||2%||false|false&#8221; custom_margin_last_edited=&#8221;on|phone&#8221; custom_padding=&#8221;||||false|false&#8221; animation_style=&#8221;fade&#8221; animation_duration=&#8221;1200ms&#8221; animation_delay=&#8221;500ms&#8221; text_font_size_tablet=&#8221;&#8221; text_font_size_phone=&#8221;14px&#8221; text_font_size_last_edited=&#8221;on|phone&#8221; locked=&#8221;off&#8221; global_colors_info=&#8221;{}&#8221; theme_builder_area=&#8221;post_content&#8221;]<\/p>\n<p><strong>\u00bfQu\u00e9 ofrecemos en nuestro servicio de dise\u00f1o gr\u00e1fico?<\/strong>:<\/p>\n<p>[\/et_pb_text][et_pb_text ul_type=&#8221;square&#8221; _builder_version=&#8221;4.27.4&#8243; _module_preset=&#8221;default&#8221; text_font=&#8221;&#8211;et_global_body_font|500|||||||&#8221; text_text_color=&#8221;#262524&#8243; ul_text_color=&#8221;#F8EF24&#8243; ol_text_color=&#8221;#CFB481&#8243; text_orientation=&#8221;justified&#8221; custom_margin=&#8221;||0%|2%|false|false&#8221; custom_margin_tablet=&#8221;||0%|2%|false|false&#8221; custom_margin_phone=&#8221;||-3%|2%|false|false&#8221; custom_margin_last_edited=&#8221;on|phone&#8221; custom_padding=&#8221;||||false|false&#8221; animation_style=&#8221;fade&#8221; animation_duration=&#8221;1200ms&#8221; animation_delay=&#8221;500ms&#8221; text_font_size_tablet=&#8221;&#8221; text_font_size_phone=&#8221;13px&#8221; text_font_size_last_edited=&#8221;on|phone&#8221; locked=&#8221;off&#8221; global_colors_info=&#8221;{}&#8221; theme_builder_area=&#8221;post_content&#8221;]<\/p>\n<ul>\n<li><span style=\"color: #383838;\"><strong>Dise\u00f1os personalizados y exclusivos<\/strong>: Cada proyecto se adapta a las necesidades y objetivos espec\u00edficos del cliente.<\/span><\/li>\n<li><span style=\"color: #383838;\"><strong>Creaci\u00f3n de identidades visuales completas<\/strong>: Desarrollo de logotipos, paletas de colores, tipograf\u00edas y elementos visuales coherentes con la imagen de la marca.<\/span><\/li>\n<li><span style=\"color: #383838;\"><strong>Dise\u00f1o de material promocional<\/strong>: Creaci\u00f3n de folletos, flyers, carteles, banners y otros productos visuales que captan la atenci\u00f3n del p\u00fablico.<\/span><\/li>\n<li><span style=\"color: #383838;\"><strong>Preparaci\u00f3n para impresi\u00f3n<\/strong>: Aseguramos que los archivos est\u00e9n perfectamente optimizados para una impresi\u00f3n de alta calidad, respetando colores, resoluci\u00f3n y acabados.<\/span><\/li>\n<\/ul>\n<p>[\/et_pb_text][\/et_pb_column][\/et_pb_row][\/et_pb_section]<\/p>\n","protected":false},"excerpt":{"rendered":"<p><div class=\"et_pb_module dipi_breadcrumbs dipi_breadcrumbs_0\">\n\t\t\t\t\n\t\t\t\t\n\t\t\t\t\n\t\t\t\t\n\t\t\t\t\n\t\t\t\t\n\t\t\t\t<div class=\"et_pb_module_inner\">\n\t\t\t\t\t<div class=\"dipi-breadcrumbs dipi-bc-left\">\n                <ul >\n                    \n                                                        <li  class=\"dipi-breadcrumb-item dipi-breadcrumb-home\">\n\n                                                    <a  href=\"https:\/\/pixelgs.com\">\n                                <span  content=\"Home\">\n                                                                        Pixel GS                                <\/span>\n                            <\/a>\n\n                                                <meta itemprop=\"position\" content=\"1\"\/>                    <\/li>\n\n                    <li class=\"dipi-breadcrumb-separator\">\n                    <span class=\"et-pb-icon dipi-separator-icon\">$<\/span>\n                <\/li>                            \n                <\/ul>\n            <\/div>\n\t\t\t\t<\/div>\n\t\t\t<\/div>Explora m\u00e1s servicios:Dise\u00f1o Gr\u00e1ficoEl dise\u00f1o gr\u00e1fico es el primer paso para transformar ideas en impresionantes realidades visuales. Nuestro servicio de Dise\u00f1o Gr\u00e1fico est\u00e1 dedicado a crear soluciones creativas, atractivas y efectivas, que no solo [&hellip;]<\/p>\n","protected":false},"author":1,"featured_media":0,"parent":0,"menu_order":0,"comment_status":"closed","ping_status":"closed","template":"","meta":{"_et_pb_use_builder":"on","_et_pb_old_content":"","_et_gb_content_width":"","footnotes":""},"dipi_cpt_category":[],"class_list":["post-331","page","type-page","status-publish","hentry"],"_links":{"self":[{"href":"https:\/\/pixelgs.com\/index.php\/wp-json\/wp\/v2\/pages\/331","targetHints":{"allow":["GET"]}}],"collection":[{"href":"https:\/\/pixelgs.com\/index.php\/wp-json\/wp\/v2\/pages"}],"about":[{"href":"https:\/\/pixelgs.com\/index.php\/wp-json\/wp\/v2\/types\/page"}],"author":[{"embeddable":true,"href":"https:\/\/pixelgs.com\/index.php\/wp-json\/wp\/v2\/users\/1"}],"replies":[{"embeddable":true,"href":"https:\/\/pixelgs.com\/index.php\/wp-json\/wp\/v2\/comments?post=331"}],"version-history":[{"count":5,"href":"https:\/\/pixelgs.com\/index.php\/wp-json\/wp\/v2\/pages\/331\/revisions"}],"predecessor-version":[{"id":715,"href":"https:\/\/pixelgs.com\/index.php\/wp-json\/wp\/v2\/pages\/331\/revisions\/715"}],"wp:attachment":[{"href":"https:\/\/pixelgs.com\/index.php\/wp-json\/wp\/v2\/media?parent=331"}],"wp:term":[{"taxonomy":"dipi_cpt_category","embeddable":true,"href":"https:\/\/pixelgs.com\/index.php\/wp-json\/wp\/v2\/dipi_cpt_category?post=331"}],"curies":[{"name":"wp","href":"https:\/\/api.w.org\/{rel}","templated":true}]}}